{"id":676,"date":"2022-06-21T17:12:31","date_gmt":"2022-06-21T21:12:31","guid":{"rendered":"https:\/\/www.coeuratomique.org\/canada\/product\/twin-adventure-renaissance-synthetique-2\/"},"modified":"2022-06-21T17:12:31","modified_gmt":"2022-06-21T21:12:31","slug":"twin-adventure-renaissance-synthetique-2","status":"publish","type":"product","link":"https:\/\/www.mineminerecords.com\/store\/product\/twin-adventure-renaissance-synthetique-2\/?lang=fr","title":{"rendered":"Twin Adventure \u2013 Renaissance Synth\u00e9tique"},"content":{"rendered":"<p>Avec ce album double, Jean-Yves Th\u00e9riault (C\u0153ur Atomique, Vo\u00efvod) propose aux audiophiles un voyage temporel \u00e0 travers un paysage musical \u00e9lectronique imagin\u00e9 au tournant des ann\u00e9es 1990. Cette collection forme une archive de courtes pi\u00e8ces musicales in\u00e9dites, hautement visuelles et cin\u00e9matographiques, compos\u00e9es depuis Montr\u00e9al et Vancouver. R\u00e9sol\u00fbment cin\u00e9phile, l\u2019\u0153uvre rappelle tant\u00f4t les sonorit\u00e9s de Wendy Carlos, de Vangelis ou encore de Clint Mansell. Les fans de Clockwork Orange, Requiem for a Dream, Blade Runner et Les ailes du d\u00e9sir ne manqueront pas ici d\u2019appr\u00e9cier le paysage sonore de l\u2019univers loufoque, parfois grave ou solennel et, quelque fois, carr\u00e9ment glauque, de Th\u00e9riault. L\u2019\u0153uvre, compos\u00e9e et enregistr\u00e9e originalement entre 1989 et 1992, a \u00e9t\u00e9 digitalis\u00e9e et remast\u00e9ris\u00e9e par le compositeur en 2021.<\/p>\n","protected":false},"excerpt":{"rendered":"<p>Avec ce album double, Jean-Yves Th\u00e9riault (C\u0153ur Atomique, Vo\u00efvod) propose aux audiophiles un voyage temporel \u00e0 travers un paysage musical \u00e9lectronique imagin\u00e9 au tournant des ann\u00e9es 1990. Cette collection forme une archive de courtes pi\u00e8ces musicales in\u00e9dites, hautement visuelles et cin\u00e9matographiques, compos\u00e9es depuis Montr\u00e9al et Vancouver. R\u00e9sol\u00fbment cin\u00e9phile, l\u2019\u0153uvre rappelle tant\u00f4t les sonorit\u00e9s de Wendy [&hellip;]<\/p>\n","protected":false},"featured_media":674,"template":"","meta":[],"product_cat":[46],"product_tag":[],"class_list":{"0":"post-676","1":"product","2":"type-product","3":"status-publish","4":"has-post-thumbnail","6":"product_cat-vinyle","7":"product_shipping_class-vinyle","9":"first","10":"instock","11":"sale","12":"taxable","13":"shipping-taxable","14":"purchasable","15":"product-type-simple"},"_links":{"self":[{"href":"https:\/\/www.mineminerecords.com\/store\/wp-json\/wp\/v2\/product\/676","targetHints":{"allow":["GET"]}}],"collection":[{"href":"https:\/\/www.mineminerecords.com\/store\/wp-json\/wp\/v2\/product"}],"about":[{"href":"https:\/\/www.mineminerecords.com\/store\/wp-json\/wp\/v2\/types\/product"}],"wp:featuredmedia":[{"embeddable":true,"href":"https:\/\/www.mineminerecords.com\/store\/wp-json\/wp\/v2\/media\/674"}],"wp:attachment":[{"href":"https:\/\/www.mineminerecords.com\/store\/wp-json\/wp\/v2\/media?parent=676"}],"wp:term":[{"taxonomy":"product_cat","embeddable":true,"href":"https:\/\/www.mineminerecords.com\/store\/wp-json\/wp\/v2\/product_cat?post=676"},{"taxonomy":"product_tag","embeddable":true,"href":"https:\/\/www.mineminerecords.com\/store\/wp-json\/wp\/v2\/product_tag?post=676"}],"curies":[{"name":"wp","href":"https:\/\/api.w.org\/{rel}","templated":true}]}}