{"id":668,"date":"2021-06-15T15:25:28","date_gmt":"2021-06-15T19:25:28","guid":{"rendered":"https:\/\/www.coeuratomique.org\/canada\/product\/landscape-of-emergency-i-cassette\/"},"modified":"2021-06-17T09:10:38","modified_gmt":"2021-06-17T13:10:38","slug":"landscape-of-emergency-i-cassette","status":"publish","type":"product","link":"https:\/\/www.mineminerecords.com\/store\/product\/landscape-of-emergency-i-cassette\/?lang=fr","title":{"rendered":"Landscape of Emergency &#8211; I Cassette"},"content":{"rendered":"<p>Cassette orange radioactif en \u00e9dition de luxe<\/p>\n<p>Cassette orange fluo transparentes incluant deux nouvelles pi\u00e8ces. Seulement 50 copies.<\/p>\n<p>Inclut le streaming illimit\u00e9 de Landscape of Emergency I \u00e9dition de luxe via l&#8217;application gratuite de Bandcamp, le d\u00e9t\u00e9chargement haute qualit\u00e9 en format MP3, FLAC et plus encore.<\/p>\n<p>Liste des pi\u00e8ces :<\/p>\n<ul>\n<li>Fail Safe<\/li>\n<li>Calutron<\/li>\n<li>Castle Bravo<\/li>\n<li>May First<\/li>\n<li>The Waste<\/li>\n<li>Berghof<\/li>\n<li>Green Run<\/li>\n<li>The New Hymn<\/li>\n<\/ul>\n","protected":false},"excerpt":{"rendered":"<p>Cassette orange radioactif en \u00e9dition de luxe Cassette orange fluo transparentes incluant deux nouvelles pi\u00e8ces. Seulement 50 copies. Inclut le streaming illimit\u00e9 de Landscape of Emergency I \u00e9dition de luxe via l&#8217;application gratuite de Bandcamp, le d\u00e9t\u00e9chargement haute qualit\u00e9 en format MP3, FLAC et plus encore. Liste des pi\u00e8ces : Fail Safe Calutron Castle Bravo [&hellip;]<\/p>\n","protected":false},"featured_media":667,"template":"","meta":[],"product_cat":[107],"product_tag":[],"class_list":{"0":"post-668","1":"product","2":"type-product","3":"status-publish","4":"has-post-thumbnail","6":"product_cat-cassette-fr","7":"product_shipping_class-cd-fr","9":"first","10":"instock","11":"taxable","12":"shipping-taxable","13":"purchasable","14":"product-type-simple"},"_links":{"self":[{"href":"https:\/\/www.mineminerecords.com\/store\/wp-json\/wp\/v2\/product\/668","targetHints":{"allow":["GET"]}}],"collection":[{"href":"https:\/\/www.mineminerecords.com\/store\/wp-json\/wp\/v2\/product"}],"about":[{"href":"https:\/\/www.mineminerecords.com\/store\/wp-json\/wp\/v2\/types\/product"}],"wp:featuredmedia":[{"embeddable":true,"href":"https:\/\/www.mineminerecords.com\/store\/wp-json\/wp\/v2\/media\/667"}],"wp:attachment":[{"href":"https:\/\/www.mineminerecords.com\/store\/wp-json\/wp\/v2\/media?parent=668"}],"wp:term":[{"taxonomy":"product_cat","embeddable":true,"href":"https:\/\/www.mineminerecords.com\/store\/wp-json\/wp\/v2\/product_cat?post=668"},{"taxonomy":"product_tag","embeddable":true,"href":"https:\/\/www.mineminerecords.com\/store\/wp-json\/wp\/v2\/product_tag?post=668"}],"curies":[{"name":"wp","href":"https:\/\/api.w.org\/{rel}","templated":true}]}}