{"id":630,"date":"2017-11-26T14:48:40","date_gmt":"2017-11-26T19:48:40","guid":{"rendered":"http:\/\/www.coeuratomique.org\/canada\/product\/poetry-and-apocalypse\/"},"modified":"2022-09-27T15:20:48","modified_gmt":"2022-09-27T19:20:48","slug":"poetry-and-apocalypse","status":"publish","type":"product","link":"https:\/\/www.mineminerecords.com\/store\/product\/poetry-and-apocalypse\/?lang=fr","title":{"rendered":"Poetry and Apocalypse"},"content":{"rendered":"<p>Compos\u00e9 par Jean-Yves Th\u00e9riault et Craig Riddock, production et traitements par Jean-Yves Th\u00e9riault, enregistr\u00e9 et mix\u00e9 au Studio Luna Moon, en octobre 1994.<br \/>\nCommand\u00e9 par The Holy Body Tattoo.<\/p>\n<p>Quantit\u00e9 tr\u00e8s limit\u00e9 <\/p>\n<p>Liste des pi\u00e8ces:<\/p>\n<ul>\n<li>\nfallen<\/li>\n<li>\nendurance one<\/li>\n<li>\nendurance two<\/li>\n<li>\nceaseless<\/li>\n<li>\nendurance three<\/li>\n<\/ul>\n<p>Dur\u00e9e totale: 47 minutes | EVCD001<\/p>\n","protected":false},"excerpt":{"rendered":"<p>Compos\u00e9 par Jean-Yves Th\u00e9riault et Craig Riddock, production et traitements par Jean-Yves Th\u00e9riault, enregistr\u00e9 et mix\u00e9 au Studio Luna Moon, en octobre 1994. Command\u00e9 par The Holy Body Tattoo. Quantit\u00e9 tr\u00e8s limit\u00e9 Liste des pi\u00e8ces: fallen endurance one endurance two ceaseless endurance three Dur\u00e9e totale: 47 minutes | EVCD001<\/p>\n","protected":false},"featured_media":591,"template":"","meta":[],"product_cat":[105],"product_tag":[],"class_list":{"0":"post-630","1":"product","2":"type-product","3":"status-publish","4":"has-post-thumbnail","6":"product_cat-cd-fr","7":"product_shipping_class-cd-fr","9":"first","10":"instock","11":"taxable","12":"shipping-taxable","13":"purchasable","14":"product-type-simple"},"_links":{"self":[{"href":"https:\/\/www.mineminerecords.com\/store\/wp-json\/wp\/v2\/product\/630","targetHints":{"allow":["GET"]}}],"collection":[{"href":"https:\/\/www.mineminerecords.com\/store\/wp-json\/wp\/v2\/product"}],"about":[{"href":"https:\/\/www.mineminerecords.com\/store\/wp-json\/wp\/v2\/types\/product"}],"wp:featuredmedia":[{"embeddable":true,"href":"https:\/\/www.mineminerecords.com\/store\/wp-json\/wp\/v2\/media\/591"}],"wp:attachment":[{"href":"https:\/\/www.mineminerecords.com\/store\/wp-json\/wp\/v2\/media?parent=630"}],"wp:term":[{"taxonomy":"product_cat","embeddable":true,"href":"https:\/\/www.mineminerecords.com\/store\/wp-json\/wp\/v2\/product_cat?post=630"},{"taxonomy":"product_tag","embeddable":true,"href":"https:\/\/www.mineminerecords.com\/store\/wp-json\/wp\/v2\/product_tag?post=630"}],"curies":[{"name":"wp","href":"https:\/\/api.w.org\/{rel}","templated":true}]}}