{"id":627,"date":"2017-11-26T14:43:07","date_gmt":"2017-11-26T19:43:07","guid":{"rendered":"http:\/\/www.coeuratomique.org\/canada\/product\/our-brief-eternity\/"},"modified":"2021-02-03T09:58:08","modified_gmt":"2021-02-03T14:58:08","slug":"our-brief-eternity","status":"publish","type":"product","link":"https:\/\/www.mineminerecords.com\/store\/product\/our-brief-eternity\/?lang=fr","title":{"rendered":"Our Brief Eternity"},"content":{"rendered":"<p>Musique compos\u00e9e et produite par Jean-Yves Th\u00e9riault, enregistr\u00e9 et mix\u00e9 au studio Luna Moon, en mars 1997.<br \/>\nCommand\u00e9 par The Holy Body Tattoo.<\/p>\n<p>Liste des pi\u00e8ces:<\/p>\n<ul>\n<li>transits of the plain<\/li>\n<li>wilderness of signs<\/li>\n<li>of seeds, of rain, of wind<\/li>\n<li>utterly<\/li>\n<li>somehow continue<\/li>\n<li>desolation<\/li>\n<li>endurance<\/li>\n<li>woebegone<\/li>\n<\/ul>\n<p>dur\u00e9e totale: 59 minutes | EVCD002<\/p>\n<p>Jewel Box<\/p>\n<p>&nbsp;<\/p>\n<p>&nbsp;<\/p>\n","protected":false},"excerpt":{"rendered":"<p>Musique compos\u00e9e et produite par Jean-Yves Th\u00e9riault, enregistr\u00e9 et mix\u00e9 au studio Luna Moon, en mars 1997. Command\u00e9 par The Holy Body Tattoo. Liste des pi\u00e8ces: transits of the plain wilderness of signs of seeds, of rain, of wind utterly somehow continue desolation endurance woebegone dur\u00e9e totale: 59 minutes | EVCD002 Jewel Box &nbsp; &nbsp;<\/p>\n","protected":false},"featured_media":589,"template":"","meta":[],"product_cat":[105],"product_tag":[],"class_list":{"0":"post-627","1":"product","2":"type-product","3":"status-publish","4":"has-post-thumbnail","6":"product_cat-cd-fr","7":"product_shipping_class-cd-fr","9":"first","10":"instock","11":"taxable","12":"shipping-taxable","13":"purchasable","14":"product-type-simple"},"_links":{"self":[{"href":"https:\/\/www.mineminerecords.com\/store\/wp-json\/wp\/v2\/product\/627","targetHints":{"allow":["GET"]}}],"collection":[{"href":"https:\/\/www.mineminerecords.com\/store\/wp-json\/wp\/v2\/product"}],"about":[{"href":"https:\/\/www.mineminerecords.com\/store\/wp-json\/wp\/v2\/types\/product"}],"wp:featuredmedia":[{"embeddable":true,"href":"https:\/\/www.mineminerecords.com\/store\/wp-json\/wp\/v2\/media\/589"}],"wp:attachment":[{"href":"https:\/\/www.mineminerecords.com\/store\/wp-json\/wp\/v2\/media?parent=627"}],"wp:term":[{"taxonomy":"product_cat","embeddable":true,"href":"https:\/\/www.mineminerecords.com\/store\/wp-json\/wp\/v2\/product_cat?post=627"},{"taxonomy":"product_tag","embeddable":true,"href":"https:\/\/www.mineminerecords.com\/store\/wp-json\/wp\/v2\/product_tag?post=627"}],"curies":[{"name":"wp","href":"https:\/\/api.w.org\/{rel}","templated":true}]}}