{"id":561,"date":"2017-10-11T11:58:24","date_gmt":"2017-10-11T16:20:13","guid":{"rendered":"http:\/\/www.coeuratomique.org\/canada\/?post_type=product&#038;p=561"},"modified":"2021-02-03T10:14:51","modified_gmt":"2021-02-03T15:14:51","slug":"piece-musicale","status":"publish","type":"product","link":"https:\/\/www.mineminerecords.com\/store\/product\/piece-musicale\/?lang=fr","title":{"rendered":"Pi\u00e8ce Musicale Berghof"},"content":{"rendered":"<p>Aujourd&#8217;hui, en 2015, 438 centrales nucl\u00e9aires fonctionnent dans 30 pays \u00e0 travers le monde. 67 autres sont actuellement en construction.<\/p>\n<p>\nEn format MP3 et FLAC<\/p>\n<audio class=\"wp-audio-shortcode\" id=\"audio-561-1\" preload=\"none\" style=\"width: 100%;\" controls=\"controls\"><source type=\"audio\/mpeg\" src=\"http:\/\/www.coeuratomique.org\/canada\/wp-content\/uploads\/Berghof-preview.mp3?_=1\" \/><a href=\"http:\/\/www.coeuratomique.org\/canada\/wp-content\/uploads\/Berghof-preview.mp3\">http:\/\/www.coeuratomique.org\/canada\/wp-content\/uploads\/Berghof-preview.mp3<\/a><\/audio>\n","protected":false},"excerpt":{"rendered":"<div id=\"tw-target\">\n<div id=\"kAz1tf\" class=\"g9WsWb\">\n<div id=\"tw-target-text-container\" class=\"tw-ta-container hide-focus-ring tw-nfl\" tabindex=\"0\">\n<pre id=\"tw-target-text\" class=\"tw-data-text tw-text-large XcVN5d tw-ta\" dir=\"ltr\" data-placeholder=\"Translation\"><span lang=\"fr\">Aujourd'hui, en 2015, 438 centrales nucl\u00e9aires fonctionnent dans 30 pays \u00e0 travers le monde. 67 autres sont actuellement en construction.<\/span><\/pre>\n<\/div>\n<\/div>\n<\/div>\n","protected":false},"featured_media":560,"template":"","meta":[],"product_cat":[48],"product_tag":[49,51,57],"class_list":{"0":"post-561","1":"product","2":"type-product","3":"status-publish","4":"has-post-thumbnail","6":"product_cat-telechargement","7":"product_tag-artiste","8":"product_tag-musique","9":"product_tag-trame-sonore","11":"first","12":"instock","13":"downloadable","14":"virtual","15":"sold-individually","16":"taxable","17":"purchasable","18":"product-type-simple"},"_links":{"self":[{"href":"https:\/\/www.mineminerecords.com\/store\/wp-json\/wp\/v2\/product\/561","targetHints":{"allow":["GET"]}}],"collection":[{"href":"https:\/\/www.mineminerecords.com\/store\/wp-json\/wp\/v2\/product"}],"about":[{"href":"https:\/\/www.mineminerecords.com\/store\/wp-json\/wp\/v2\/types\/product"}],"wp:featuredmedia":[{"embeddable":true,"href":"https:\/\/www.mineminerecords.com\/store\/wp-json\/wp\/v2\/media\/560"}],"wp:attachment":[{"href":"https:\/\/www.mineminerecords.com\/store\/wp-json\/wp\/v2\/media?parent=561"}],"wp:term":[{"taxonomy":"product_cat","embeddable":true,"href":"https:\/\/www.mineminerecords.com\/store\/wp-json\/wp\/v2\/product_cat?post=561"},{"taxonomy":"product_tag","embeddable":true,"href":"https:\/\/www.mineminerecords.com\/store\/wp-json\/wp\/v2\/product_tag?post=561"}],"curies":[{"name":"wp","href":"https:\/\/api.w.org\/{rel}","templated":true}]}}