{"id":366,"date":"2017-05-07T17:43:08","date_gmt":"2017-05-07T21:51:03","guid":{"rendered":"http:\/\/www.coeuratomique.org\/canada\/?post_type=product&#038;p=366"},"modified":"2021-02-03T10:33:39","modified_gmt":"2021-02-03T15:33:39","slug":"telechargement-numerique-landscape-of-emergency-i","status":"publish","type":"product","link":"https:\/\/www.mineminerecords.com\/store\/product\/telechargement-numerique-landscape-of-emergency-i\/?lang=fr","title":{"rendered":"T\u00e9l\u00e9chargement Num\u00e9rique Landscape of emergency &#8211; I"},"content":{"rendered":"<p>Il s&#8217;agit du premier album de la s\u00e9rie Landscape of Emergency, une charge contre les forces portant au silence et de l&#8217;indiff\u00e9rence.<\/p>\n<p><span lang=\"fr\">Liste des pi\u00e8ces<\/span>:<\/p>\n<ul>\n<li>Fail Safe<\/li>\n<li>Calutron<\/li>\n<li>Castle Bravo<\/li>\n<li>The Waste<\/li>\n<li>Berghof<\/li>\n<li>Green Run<\/li>\n<\/ul>\n<p>fichier compress\u00e9 ZIP file (312MB) incluant les 6 pi\u00e8ces de format MP3 et FLAC + cue, m3u + couverture avant, arri\u00e8re et int\u00e9rieur en format jpeg incluses<\/p>\n","protected":false},"excerpt":{"rendered":"<p>Il s&#8217;agit du premier album de la s\u00e9rie Landscape of Emergency, une charge contre les forces portant au silence et de l&#8217;indiff\u00e9rence. Liste des pi\u00e8ces: Fail Safe Calutron Castle Bravo The Waste Berghof Green Run fichier compress\u00e9 ZIP file (312MB) incluant les 6 pi\u00e8ces de format MP3 et FLAC + cue, m3u + couverture avant, [&hellip;]<\/p>\n","protected":false},"featured_media":363,"template":"","meta":[],"product_cat":[48],"product_tag":[],"class_list":{"0":"post-366","1":"product","2":"type-product","3":"status-publish","4":"has-post-thumbnail","6":"product_cat-telechargement","8":"first","9":"instock","10":"downloadable","11":"virtual","12":"sold-individually","13":"taxable","14":"purchasable","15":"product-type-simple"},"_links":{"self":[{"href":"https:\/\/www.mineminerecords.com\/store\/wp-json\/wp\/v2\/product\/366","targetHints":{"allow":["GET"]}}],"collection":[{"href":"https:\/\/www.mineminerecords.com\/store\/wp-json\/wp\/v2\/product"}],"about":[{"href":"https:\/\/www.mineminerecords.com\/store\/wp-json\/wp\/v2\/types\/product"}],"wp:featuredmedia":[{"embeddable":true,"href":"https:\/\/www.mineminerecords.com\/store\/wp-json\/wp\/v2\/media\/363"}],"wp:attachment":[{"href":"https:\/\/www.mineminerecords.com\/store\/wp-json\/wp\/v2\/media?parent=366"}],"wp:term":[{"taxonomy":"product_cat","embeddable":true,"href":"https:\/\/www.mineminerecords.com\/store\/wp-json\/wp\/v2\/product_cat?post=366"},{"taxonomy":"product_tag","embeddable":true,"href":"https:\/\/www.mineminerecords.com\/store\/wp-json\/wp\/v2\/product_tag?post=366"}],"curies":[{"name":"wp","href":"https:\/\/api.w.org\/{rel}","templated":true}]}}