{"id":357,"date":"2017-05-07T15:00:32","date_gmt":"2017-05-07T19:03:25","guid":{"rendered":"http:\/\/www.coeuratomique.org\/canada\/?post_type=product&#038;p=357"},"modified":"2022-06-23T21:58:55","modified_gmt":"2022-06-24T01:58:55","slug":"vinyle-landscape-of-emergency-i","status":"publish","type":"product","link":"https:\/\/www.mineminerecords.com\/store\/product\/vinyle-landscape-of-emergency-i\/?lang=fr","title":{"rendered":"Vinyle Landscape of Emergency &#8211; I"},"content":{"rendered":"<p>Il s&#8217;agit du premier album de la s\u00e9rie Landscape of Emergency, une charge contre les forces portant au silence et de l&#8217;indiff\u00e9rence.<\/p>\n<p><span lang=\"fr\">Liste des pi\u00e8ces<\/span>:<\/p>\n<ul>\n<li>Fail Safe<\/li>\n<li>Calutron<\/li>\n<li>Castle Bravo<\/li>\n<li>The Waste<\/li>\n<li>Berghof<\/li>\n<li>Green Run<\/li>\n<\/ul>\n<p>vinyle de 180g album LP<\/p>\n<p>+ t\u00e9l\u00e9chargement inclus<\/p>\n","protected":false},"excerpt":{"rendered":"<p>Il s&#8217;agit du premier album de la s\u00e9rie Landscape of Emergency, une charge contre les forces portant au silence et de l&#8217;indiff\u00e9rence. Liste des pi\u00e8ces: Fail Safe Calutron Castle Bravo The Waste Berghof Green Run vinyle de 180g album LP + t\u00e9l\u00e9chargement inclus<\/p>\n","protected":false},"featured_media":354,"template":"","meta":[],"product_cat":[46],"product_tag":[51],"class_list":{"0":"post-357","1":"product","2":"type-product","3":"status-publish","4":"has-post-thumbnail","6":"product_cat-vinyle","7":"product_tag-musique","8":"product_shipping_class-vinyle","10":"first","11":"instock","12":"taxable","13":"shipping-taxable","14":"purchasable","15":"product-type-simple"},"_links":{"self":[{"href":"https:\/\/www.mineminerecords.com\/store\/wp-json\/wp\/v2\/product\/357","targetHints":{"allow":["GET"]}}],"collection":[{"href":"https:\/\/www.mineminerecords.com\/store\/wp-json\/wp\/v2\/product"}],"about":[{"href":"https:\/\/www.mineminerecords.com\/store\/wp-json\/wp\/v2\/types\/product"}],"wp:featuredmedia":[{"embeddable":true,"href":"https:\/\/www.mineminerecords.com\/store\/wp-json\/wp\/v2\/media\/354"}],"wp:attachment":[{"href":"https:\/\/www.mineminerecords.com\/store\/wp-json\/wp\/v2\/media?parent=357"}],"wp:term":[{"taxonomy":"product_cat","embeddable":true,"href":"https:\/\/www.mineminerecords.com\/store\/wp-json\/wp\/v2\/product_cat?post=357"},{"taxonomy":"product_tag","embeddable":true,"href":"https:\/\/www.mineminerecords.com\/store\/wp-json\/wp\/v2\/product_tag?post=357"}],"curies":[{"name":"wp","href":"https:\/\/api.w.org\/{rel}","templated":true}]}}