{"id":271,"date":"2017-04-25T09:55:14","date_gmt":"2017-04-25T14:19:48","guid":{"rendered":"http:\/\/www.coeuratomique.org\/wp\/?post_type=product&#038;p=271"},"modified":"2021-02-03T10:49:52","modified_gmt":"2021-02-03T15:49:52","slug":"chandail-a-capuche-coeur-atomique","status":"publish","type":"product","link":"https:\/\/www.mineminerecords.com\/store\/product\/chandail-a-capuche-coeur-atomique\/?lang=fr","title":{"rendered":"Chandail \u00e0 capuche Coeur Atomique"},"content":{"rendered":"<p>Unisexe. Imprim\u00e9 \u00e0 la main. Molletonn\u00e9 \u00e0 capuchon. Fermeture \u00e9clair. 50% coton \/ 50% polyester<\/p>\n","protected":false},"excerpt":{"rendered":"<p>Unisexe. Imprim\u00e9 \u00e0 la main. Molletonn\u00e9 \u00e0 capuchon. Fermeture \u00e9clair. 50% coton \/ 50% polyester<\/p>\n","protected":false},"featured_media":270,"template":"","meta":[],"product_cat":[47],"product_tag":[58,56],"class_list":{"0":"post-271","1":"product","2":"type-product","3":"status-publish","4":"has-post-thumbnail","6":"product_cat-vetements","7":"product_tag-chandail-fr","8":"product_tag-chandail-chaud","9":"product_shipping_class-vetements-1-fr","11":"first","12":"instock","13":"taxable","14":"shipping-taxable","15":"purchasable","16":"product-type-variable"},"_links":{"self":[{"href":"https:\/\/www.mineminerecords.com\/store\/wp-json\/wp\/v2\/product\/271","targetHints":{"allow":["GET"]}}],"collection":[{"href":"https:\/\/www.mineminerecords.com\/store\/wp-json\/wp\/v2\/product"}],"about":[{"href":"https:\/\/www.mineminerecords.com\/store\/wp-json\/wp\/v2\/types\/product"}],"wp:featuredmedia":[{"embeddable":true,"href":"https:\/\/www.mineminerecords.com\/store\/wp-json\/wp\/v2\/media\/270"}],"wp:attachment":[{"href":"https:\/\/www.mineminerecords.com\/store\/wp-json\/wp\/v2\/media?parent=271"}],"wp:term":[{"taxonomy":"product_cat","embeddable":true,"href":"https:\/\/www.mineminerecords.com\/store\/wp-json\/wp\/v2\/product_cat?post=271"},{"taxonomy":"product_tag","embeddable":true,"href":"https:\/\/www.mineminerecords.com\/store\/wp-json\/wp\/v2\/product_tag?post=271"}],"curies":[{"name":"wp","href":"https:\/\/api.w.org\/{rel}","templated":true}]}}