{"id":2429,"date":"2026-01-22T20:31:00","date_gmt":"2026-01-23T01:31:00","guid":{"rendered":"https:\/\/www.mineminerecords.com\/store\/?post_type=product&#038;p=2429"},"modified":"2026-01-22T20:31:00","modified_gmt":"2026-01-23T01:31:00","slug":"mirador-killing-technology-rough-mix-cd","status":"publish","type":"product","link":"https:\/\/www.mineminerecords.com\/store\/product\/mirador-killing-technology-rough-mix-cd\/?lang=fr","title":{"rendered":"Mirador \u2013 Killing Technology Rough Mix \u2013 CD"},"content":{"rendered":"<p>oivod<\/p>\n<p>In\u00e9dit \u2013 CD Digipak<\/p>\n<p>Produit et enregistr\u00e9 par Voivod et Harris Johns (1986-87)<\/p>\n<p>Masteris\u00e9 par Jean-Yves Th\u00e9riault (2025)<\/p>\n<p>\u00ab Berlin 1986, le mur. L\u2019inspiration ind\u00e9niable derri\u00e8re l\u2019enregistrement de notre musique charg\u00e9e d\u2019une atmosph\u00e8re r\u00e9ellement anxieuse. Notre complicit\u00e9 allait pleinement se r\u00e9v\u00e9ler sur ce nouvel album. Quel chemin avions-nous parcouru depuis trois ans ! Notre rencontre avec Harris Johns du Music Lab Berlin Studio s\u2019est av\u00e9r\u00e9e des plus fructueuse et gratifiante. Voici le rough mix de Killing Technology que j\u2019ai remast\u00e9ris\u00e9 \u00e0 partir d\u2019une cassette retrouv\u00e9e presque par miracle. \u00bb \u2013 Blacky <\/p>\n<p>Liste des pi\u00e8ces:<\/p>\n<ul>\n<li> Killing Technology<\/li>\n<li> Overreaction<\/li>\n<li> Tornado<\/li>\n<li> Forgotten in Space<\/li>\n<li> Ravenous Medicine<\/li>\n<li> Order of the Blackguards<\/li>\n<li> This Is Not an Exercise<\/li>\n<li> Too Scared to Scream<\/li>\n<li> Cockroaches <\/li>\n<\/ul>\n","protected":false},"excerpt":{"rendered":"<p>oivod In\u00e9dit \u2013 CD Digipak Produit et enregistr\u00e9 par Voivod et Harris Johns (1986-87) Masteris\u00e9 par Jean-Yves Th\u00e9riault (2025) \u00ab Berlin 1986, le mur. L\u2019inspiration ind\u00e9niable derri\u00e8re l\u2019enregistrement de notre musique charg\u00e9e d\u2019une atmosph\u00e8re r\u00e9ellement anxieuse. Notre complicit\u00e9 allait pleinement se r\u00e9v\u00e9ler sur ce nouvel album. Quel chemin avions-nous parcouru depuis trois ans ! Notre [&hellip;]<\/p>\n","protected":false},"featured_media":2414,"template":"","meta":[],"product_cat":[105],"product_tag":[],"class_list":{"0":"post-2429","1":"product","2":"type-product","3":"status-publish","4":"has-post-thumbnail","6":"product_cat-cd-fr","7":"product_shipping_class-cd-fr","9":"first","10":"instock","11":"taxable","12":"shipping-taxable","13":"purchasable","14":"product-type-simple"},"_links":{"self":[{"href":"https:\/\/www.mineminerecords.com\/store\/wp-json\/wp\/v2\/product\/2429","targetHints":{"allow":["GET"]}}],"collection":[{"href":"https:\/\/www.mineminerecords.com\/store\/wp-json\/wp\/v2\/product"}],"about":[{"href":"https:\/\/www.mineminerecords.com\/store\/wp-json\/wp\/v2\/types\/product"}],"wp:featuredmedia":[{"embeddable":true,"href":"https:\/\/www.mineminerecords.com\/store\/wp-json\/wp\/v2\/media\/2414"}],"wp:attachment":[{"href":"https:\/\/www.mineminerecords.com\/store\/wp-json\/wp\/v2\/media?parent=2429"}],"wp:term":[{"taxonomy":"product_cat","embeddable":true,"href":"https:\/\/www.mineminerecords.com\/store\/wp-json\/wp\/v2\/product_cat?post=2429"},{"taxonomy":"product_tag","embeddable":true,"href":"https:\/\/www.mineminerecords.com\/store\/wp-json\/wp\/v2\/product_tag?post=2429"}],"curies":[{"name":"wp","href":"https:\/\/api.w.org\/{rel}","templated":true}]}}