{"id":234,"date":"2017-01-01T16:28:14","date_gmt":"2017-01-01T21:28:14","guid":{"rendered":"http:\/\/www.coeuratomique.org\/wp\/shop\/the-waste\/"},"modified":"2021-02-03T11:10:32","modified_gmt":"2021-02-03T16:10:32","slug":"piece-musicale-the-waste","status":"publish","type":"product","link":"https:\/\/www.mineminerecords.com\/store\/product\/piece-musicale-the-waste\/?lang=fr","title":{"rendered":"Pi\u00e8ce Musicale The Waste"},"content":{"rendered":"<p>Aujourd&#8217;hui, en 2015, on compte 438 centrales nucl\u00e9aires op\u00e9rationnelles \u00e0 travers le monde. 67 sont pr\u00e9sentement en construction. On \u00e9value \u00e0 270 000 tonnes la quantit\u00e9 totale de combustible nucl\u00e9aire us\u00e9, le d\u00e9chet posant la plus grande dangerosit\u00e9. Or, il ne s&#8217;agit l\u00e0 que d&#8217;une partie de tous les types de d\u00e9chets radioactifs dont nous ne pouvons en aucun cas nous d\u00e9barrasser. Certains continueront leur contamination pour des centaines de milliers d&#8217;ann\u00e9es&#8230;<\/p>\n<p>Format Mp3 et FLAC<\/p>\n<audio class=\"wp-audio-shortcode\" id=\"audio-234-1\" preload=\"none\" style=\"width: 100%;\" controls=\"controls\"><source type=\"audio\/mpeg\" src=\"http:\/\/www.coeuratomique.org\/canada\/wp-content\/uploads\/2015\/11\/The_Waste_preview.mp3?_=1\" \/><a href=\"http:\/\/www.coeuratomique.org\/canada\/wp-content\/uploads\/2015\/11\/The_Waste_preview.mp3\">http:\/\/www.coeuratomique.org\/canada\/wp-content\/uploads\/2015\/11\/The_Waste_preview.mp3<\/a><\/audio>\n","protected":false},"excerpt":{"rendered":"<p>Aujourd&#8217;hui, en 2015, on compte 438 centrales nucl?aires op?rationnelles ? travers le monde. 67 sont pr?sentement en construction.<\/p>\n[audio mp3=\"http:\/\/www.coeuratomique.org\/wp\/wp-content\/uploads\/2015\/11\/The_Waste_preview.mp3\"][\/audio]\n","protected":false},"featured_media":236,"template":"","meta":[],"product_cat":[48],"product_tag":[49,51,57],"class_list":{"0":"post-234","1":"product","2":"type-product","3":"status-publish","4":"has-post-thumbnail","6":"product_cat-telechargement","7":"product_tag-artiste","8":"product_tag-musique","9":"product_tag-trame-sonore","11":"first","12":"instock","13":"downloadable","14":"virtual","15":"sold-individually","16":"taxable","17":"purchasable","18":"product-type-simple"},"_links":{"self":[{"href":"https:\/\/www.mineminerecords.com\/store\/wp-json\/wp\/v2\/product\/234","targetHints":{"allow":["GET"]}}],"collection":[{"href":"https:\/\/www.mineminerecords.com\/store\/wp-json\/wp\/v2\/product"}],"about":[{"href":"https:\/\/www.mineminerecords.com\/store\/wp-json\/wp\/v2\/types\/product"}],"wp:featuredmedia":[{"embeddable":true,"href":"https:\/\/www.mineminerecords.com\/store\/wp-json\/wp\/v2\/media\/236"}],"wp:attachment":[{"href":"https:\/\/www.mineminerecords.com\/store\/wp-json\/wp\/v2\/media?parent=234"}],"wp:term":[{"taxonomy":"product_cat","embeddable":true,"href":"https:\/\/www.mineminerecords.com\/store\/wp-json\/wp\/v2\/product_cat?post=234"},{"taxonomy":"product_tag","embeddable":true,"href":"https:\/\/www.mineminerecords.com\/store\/wp-json\/wp\/v2\/product_tag?post=234"}],"curies":[{"name":"wp","href":"https:\/\/api.w.org\/{rel}","templated":true}]}}