{"id":2234,"date":"2025-01-11T21:35:42","date_gmt":"2025-01-12T02:35:42","guid":{"rendered":"https:\/\/www.mineminerecords.com\/store\/product\/live-a-st-romuald-2\/"},"modified":"2025-01-11T21:58:49","modified_gmt":"2025-01-12T02:58:49","slug":"live-a-st-romuald-2","status":"publish","type":"product","link":"https:\/\/www.mineminerecords.com\/store\/product\/live-a-st-romuald-2\/?lang=fr","title":{"rendered":"Live \u00e0 St-Romuald &#8211; CD"},"content":{"rendered":"<p>Voivod<\/p>\n<p>In\u00e9dit &#8211; Double CD Digipak<\/p>\n<p>Enregistr\u00e9 &#038; mix\u00e9 en concert par Mike Amstadt<br \/>\nMasteris\u00e9 par Jean-Yves Th\u00e9riault<\/p>\n<p>La premi\u00e8re et derni\u00e8re fois o\u00f9 Voivod a jou\u00e9 dans un bar ! Le fr\u00e8re de Jean-Yves, Yvan, propose au groupe de jouer dans le bar appartenant \u00e0 l\u2019un de ses coll\u00e8gues de travail du Canadien National (CN, une compagnie de voies ferr\u00e9es). Le propri\u00e9taire offre au groupe de jouer quatre soir\u00e9es cons\u00e9cutives, soit du jeudi au dimanche. Jean-Yves discute de l\u2019offre avec le g\u00e9rant Maurice \u00ab Rocker \u00bb Richard et le groupe. Le lendemain, Maurice pr\u00e9cise l\u2019offre : les spectacles auraient lieu au Bar Rock Rive-Sud de St-Romuald entre le 1er et le 4 mai 1986. \u00c0 l\u2019\u00e9poque, les bands de bars jouent trois sets de 45 minutes par soir. Nous nous consultons et nous entendons pour faire deux sets d\u2019une heure avec intermission. Il nous faut donc monter un spectacle de deux heures. L\u2019essentiel du show sera form\u00e9 de pi\u00e8ces de nos deux premiers albums (War and Pain et Rrr\u00f6\u00f6\u00f6aaarrr) et de Killing Technology que nous venons tout juste de compl\u00e9ter. Denis D\u2019amour et Michel Langevin improviseront chacun un solo. Le groupe est \u00e0 son paroxysme; nous pratiquons et composons \u00e0 chaque jour. Quelques semaines plus tard, nous amor\u00e7ons notre premi\u00e8re tourn\u00e9e au Canada et aux \u00c9tats-Unis. C\u2019est toute cette fougue et cette \u00e9nergie qui transparaissent dans ce double live.<\/p>\n<p>Liste des pi\u00e8ces:<\/p>\n<p>CD 1<\/p>\n<ul>\n<li>Korgull The Exterminator<\/li>\n<li>Warriors of Ice<\/li>\n<li>Fuck Off and Die<\/li>\n<li>Live For Violence<\/li>\n<li>Blower<\/li>\n<li>Black City<\/li>\n<li>Voivod<\/li>\n<li>Helldriver<\/li>\n<li>Horror<\/li>\n<\/ul>\n<p>CD 2<\/p>\n<ul>\n<li>War and Pain<\/li>\n<li>Order of the Blackguards<\/li>\n<li>Slaughter in a Grave<\/li>\n<li>Suck Your Bone<\/li>\n<li>Build Your Weapons<\/li>\n<li>Irongang<\/li>\n<li>Killing Technology<\/li>\n<li>Nuclear War <\/li>\n<\/ul>\n","protected":false},"excerpt":{"rendered":"<p>Voivod In\u00e9dit &#8211; Double CD Digipak Enregistr\u00e9 &#038; mix\u00e9 en concert par Mike Amstadt Masteris\u00e9 par Jean-Yves Th\u00e9riault La premi\u00e8re et derni\u00e8re fois o\u00f9 Voivod a jou\u00e9 dans un bar ! Le fr\u00e8re de Jean-Yves, Yvan, propose au groupe de jouer dans le bar appartenant \u00e0 l\u2019un de ses coll\u00e8gues de travail du Canadien National [&hellip;]<\/p>\n","protected":false},"featured_media":2199,"template":"","meta":[],"product_cat":[105],"product_tag":[],"class_list":{"0":"post-2234","1":"product","2":"type-product","3":"status-publish","4":"has-post-thumbnail","6":"product_cat-cd-fr","7":"product_shipping_class-cd-fr","9":"first","10":"instock","11":"taxable","12":"shipping-taxable","13":"purchasable","14":"product-type-simple"},"_links":{"self":[{"href":"https:\/\/www.mineminerecords.com\/store\/wp-json\/wp\/v2\/product\/2234","targetHints":{"allow":["GET"]}}],"collection":[{"href":"https:\/\/www.mineminerecords.com\/store\/wp-json\/wp\/v2\/product"}],"about":[{"href":"https:\/\/www.mineminerecords.com\/store\/wp-json\/wp\/v2\/types\/product"}],"wp:featuredmedia":[{"embeddable":true,"href":"https:\/\/www.mineminerecords.com\/store\/wp-json\/wp\/v2\/media\/2199"}],"wp:attachment":[{"href":"https:\/\/www.mineminerecords.com\/store\/wp-json\/wp\/v2\/media?parent=2234"}],"wp:term":[{"taxonomy":"product_cat","embeddable":true,"href":"https:\/\/www.mineminerecords.com\/store\/wp-json\/wp\/v2\/product_cat?post=2234"},{"taxonomy":"product_tag","embeddable":true,"href":"https:\/\/www.mineminerecords.com\/store\/wp-json\/wp\/v2\/product_tag?post=2234"}],"curies":[{"name":"wp","href":"https:\/\/api.w.org\/{rel}","templated":true}]}}