{"id":2226,"date":"2025-01-11T12:57:28","date_gmt":"2025-01-11T17:57:28","guid":{"rendered":"https:\/\/www.mineminerecords.com\/store\/product\/nothing-left-1990-north-american-tour-2\/"},"modified":"2025-01-11T21:59:51","modified_gmt":"2025-01-12T02:59:51","slug":"nothing-left-1990-north-american-tour-2","status":"publish","type":"product","link":"https:\/\/www.mineminerecords.com\/store\/product\/nothing-left-1990-north-american-tour-2\/?lang=fr","title":{"rendered":"Nothing Left &#8211; 1990 North American Tour &#8211; CD"},"content":{"rendered":"<p>Voivod<\/p>\n<p>In\u00e9dit \u2013 CD Digipak<br \/>\nMix\u00e9 live (1990) by Mike Amstadt, masteris\u00e9 (2024) par Jean-Yves Th\u00e9riault<\/p>\n<p>\u00ab Nous n\u2019avons fait qu\u2019une seule tourn\u00e9e en Am\u00e9rique du Nord pour promouvoir la sortie de l\u2019album Nothingface aux c\u00f4t\u00e9s de Soundgarden, Faith No More, Prong et The Big F.<br \/>\nQuel plaisir nous aurions eu \u00e0 faire une tourn\u00e9e europ\u00e9enne de Nothingface ! \u00c0 l\u2019\u00e9poque, la majorit\u00e9 de nos fans s\u2019y trouvaient. Les deux compagnies de disques impliqu\u00e9es ne s\u2019entendaient pas sur le financement \u00e0 accorder \u00e0 une \u00e9ventuelle tourn\u00e9e : Noise ne souhaitait pas avancer les fonds au groupe et Mechanics disait ne pouvoir agir seulement qu\u2019en territoire am\u00e9ricain.<br \/>\nVous \u00eates sur le point d\u2019entendre une performance enregistr\u00e9e \u00e0 l\u2019ancienne usine de voitures de Henry Ford \u00e0 Dallas reconvertie en fabrique de bombes durant la Deuxi\u00e8me Guerre mondiale puis, plus tard, transform\u00e9e \u00e0 nouveau en salle de spectacle et studio. Au d\u00e9but des ann\u00e9es 1990, mis \u00e0 part le b\u00e2timent lui-m\u00eame, il ne restait que peu d\u2019artefacts de ce pass\u00e9. Je me revois tout de m\u00eame arpenter l\u2019endroit impr\u00e9gn\u00e9 d\u2019un sentiment \u00e9trange et troublant. \u00bb \u2014 Blacky<\/p>\n","protected":false},"excerpt":{"rendered":"<p>Voivod In\u00e9dit \u2013 CD Digipak Mix\u00e9 live (1990) by Mike Amstadt, masteris\u00e9 (2024) par Jean-Yves Th\u00e9riault \u00ab Nous n\u2019avons fait qu\u2019une seule tourn\u00e9e en Am\u00e9rique du Nord pour promouvoir la sortie de l\u2019album Nothingface aux c\u00f4t\u00e9s de Soundgarden, Faith No More, Prong et The Big F. Quel plaisir nous aurions eu \u00e0 faire une tourn\u00e9e [&hellip;]<\/p>\n","protected":false},"featured_media":2223,"template":"","meta":[],"product_cat":[105],"product_tag":[],"class_list":{"0":"post-2226","1":"product","2":"type-product","3":"status-publish","4":"has-post-thumbnail","6":"product_cat-cd-fr","7":"product_shipping_class-cd-fr","9":"first","10":"instock","11":"taxable","12":"shipping-taxable","13":"purchasable","14":"product-type-simple"},"_links":{"self":[{"href":"https:\/\/www.mineminerecords.com\/store\/wp-json\/wp\/v2\/product\/2226","targetHints":{"allow":["GET"]}}],"collection":[{"href":"https:\/\/www.mineminerecords.com\/store\/wp-json\/wp\/v2\/product"}],"about":[{"href":"https:\/\/www.mineminerecords.com\/store\/wp-json\/wp\/v2\/types\/product"}],"wp:featuredmedia":[{"embeddable":true,"href":"https:\/\/www.mineminerecords.com\/store\/wp-json\/wp\/v2\/media\/2223"}],"wp:attachment":[{"href":"https:\/\/www.mineminerecords.com\/store\/wp-json\/wp\/v2\/media?parent=2226"}],"wp:term":[{"taxonomy":"product_cat","embeddable":true,"href":"https:\/\/www.mineminerecords.com\/store\/wp-json\/wp\/v2\/product_cat?post=2226"},{"taxonomy":"product_tag","embeddable":true,"href":"https:\/\/www.mineminerecords.com\/store\/wp-json\/wp\/v2\/product_tag?post=2226"}],"curies":[{"name":"wp","href":"https:\/\/api.w.org\/{rel}","templated":true}]}}