{"id":221,"date":"2017-01-01T13:13:10","date_gmt":"2017-01-01T18:13:10","guid":{"rendered":"http:\/\/www.coeuratomique.org\/wp\/shop\/castle-bravo-2-fr\/"},"modified":"2021-02-03T11:20:19","modified_gmt":"2021-02-03T16:20:19","slug":"video-castle-bravo","status":"publish","type":"product","link":"https:\/\/www.mineminerecords.com\/store\/product\/video-castle-bravo\/?lang=fr","title":{"rendered":"Vid\u00e9o Castle Bravo"},"content":{"rendered":"<p>Ic\u00f4ne du colonialisme et de l&#8217;imp\u00e9rialisme modernes, &#8220;Castle Bravo&#8221; illustre de mani\u00e8re ahurissante l&#8217;alliance command\u00e9e de la science et du militarisme sous couvert du secret d&#8217;\u00e9tat. L&#8217;entreprise de destruction et de contamination durable que sont les essais nucl\u00e9aires compte d&#8217;innombrables victimes qui parfois m\u00eame s&#8217;ignorent. En toute solidarit\u00e9? avec le peuple Marshallais et les victimes japonaises de cette trag\u00e9die.<\/p>\n<p>Format mp4 HD H.264<\/p>\n","protected":false},"excerpt":{"rendered":"<p>Ic\u00f4ne du colonialisme et de l&#8217;imp\u00e9rialisme modernes, &#8220;Castle Bravo&#8221; illustre de mani\u00e8re ahurissante l&#8217;alliance command\u00e9e de la science et du militarisme sous couvert du secret d&#8217;\u00e9tat. L&#8217;entreprise de destruction et de contamination durable que sont les essais nucl\u00e9aires compte d&#8217;innombrables victimes qui parfois m\u00eame s&#8217;ignorent. En toute solidarit\u00e9? avec le peuple Marshallais et les victimes [&hellip;]<\/p>\n","protected":false},"featured_media":233,"template":"","meta":[],"product_cat":[48],"product_tag":[60,49,59,52,53,61],"class_list":{"0":"post-221","1":"product","2":"type-product","3":"status-publish","4":"has-post-thumbnail","6":"product_cat-telechargement","7":"product_tag-etats-unis","8":"product_tag-artiste","9":"product_tag-essais","10":"product_tag-nucleaire","11":"product_tag-pacifique","12":"product_tag-video-fr","14":"first","15":"instock","16":"downloadable","17":"virtual","18":"sold-individually","19":"taxable","20":"purchasable","21":"product-type-simple"},"_links":{"self":[{"href":"https:\/\/www.mineminerecords.com\/store\/wp-json\/wp\/v2\/product\/221","targetHints":{"allow":["GET"]}}],"collection":[{"href":"https:\/\/www.mineminerecords.com\/store\/wp-json\/wp\/v2\/product"}],"about":[{"href":"https:\/\/www.mineminerecords.com\/store\/wp-json\/wp\/v2\/types\/product"}],"wp:featuredmedia":[{"embeddable":true,"href":"https:\/\/www.mineminerecords.com\/store\/wp-json\/wp\/v2\/media\/233"}],"wp:attachment":[{"href":"https:\/\/www.mineminerecords.com\/store\/wp-json\/wp\/v2\/media?parent=221"}],"wp:term":[{"taxonomy":"product_cat","embeddable":true,"href":"https:\/\/www.mineminerecords.com\/store\/wp-json\/wp\/v2\/product_cat?post=221"},{"taxonomy":"product_tag","embeddable":true,"href":"https:\/\/www.mineminerecords.com\/store\/wp-json\/wp\/v2\/product_tag?post=221"}],"curies":[{"name":"wp","href":"https:\/\/api.w.org\/{rel}","templated":true}]}}