{"id":201,"date":"2017-01-26T14:53:12","date_gmt":"2017-01-26T19:53:12","guid":{"rendered":"http:\/\/www.coeuratomique.org\/wp\/shop\/landscape-of-emergency-chandail-hommes\/"},"modified":"2021-02-03T10:59:51","modified_gmt":"2021-02-03T15:59:51","slug":"chandail-hommes-landscape-of-emergency","status":"publish","type":"product","link":"https:\/\/www.mineminerecords.com\/store\/product\/chandail-hommes-landscape-of-emergency\/?lang=fr","title":{"rendered":"Chandail pour hommes Landscape of Emergency"},"content":{"rendered":"<p>Imprim\u00e9 \u00e0 la main. Chandail \u00e0 manches courtes en coton jersey, mod\u00e8le pour hommes.<\/p>\n","protected":false},"excerpt":{"rendered":"<p>Imprim\u00e9 \u00e0 la main. Chandail \u00e0 manches courtes en coton jersey, mod\u00e8le pour hommes.<\/p>\n","protected":false},"featured_media":202,"template":"","meta":[],"product_cat":[47],"product_tag":[58,56],"class_list":{"0":"post-201","1":"product","2":"type-product","3":"status-publish","4":"has-post-thumbnail","6":"product_cat-vetements","7":"product_tag-chandail-fr","8":"product_tag-chandail-chaud","9":"product_shipping_class-vetements-1","11":"first","12":"instock","13":"taxable","14":"shipping-taxable","15":"purchasable","16":"product-type-variable"},"_links":{"self":[{"href":"https:\/\/www.mineminerecords.com\/store\/wp-json\/wp\/v2\/product\/201","targetHints":{"allow":["GET"]}}],"collection":[{"href":"https:\/\/www.mineminerecords.com\/store\/wp-json\/wp\/v2\/product"}],"about":[{"href":"https:\/\/www.mineminerecords.com\/store\/wp-json\/wp\/v2\/types\/product"}],"wp:featuredmedia":[{"embeddable":true,"href":"https:\/\/www.mineminerecords.com\/store\/wp-json\/wp\/v2\/media\/202"}],"wp:attachment":[{"href":"https:\/\/www.mineminerecords.com\/store\/wp-json\/wp\/v2\/media?parent=201"}],"wp:term":[{"taxonomy":"product_cat","embeddable":true,"href":"https:\/\/www.mineminerecords.com\/store\/wp-json\/wp\/v2\/product_cat?post=201"},{"taxonomy":"product_tag","embeddable":true,"href":"https:\/\/www.mineminerecords.com\/store\/wp-json\/wp\/v2\/product_tag?post=201"}],"curies":[{"name":"wp","href":"https:\/\/api.w.org\/{rel}","templated":true}]}}