{"id":1786,"date":"2024-03-28T20:29:54","date_gmt":"2024-03-29T00:46:01","guid":{"rendered":"https:\/\/www.mineminerecords.com\/store\/?post_type=product&#038;p=1786"},"modified":"2025-01-11T22:00:22","modified_gmt":"2025-01-12T03:00:22","slug":"latitude-dimension-hatross-preprod","status":"publish","type":"product","link":"https:\/\/www.mineminerecords.com\/store\/product\/latitude-dimension-hatross-preprod\/?lang=fr","title":{"rendered":"Latitude &#8211; dimension hatr\u00f6ss pr\u00e9prod &#8211; LP"},"content":{"rendered":"<p>Voivod<\/p>\n<p>Pr\u00e9-commandez maintenant! exp\u00e9dition d\u00e9but le 29 avril<\/p>\n<p>In\u00e9dit, vinyle de couleur Orange Crush Translucide<\/p>\n<p>Enregistr\u00e9, mix\u00e9 et masteris\u00e9 par Jean-Yves Th\u00e9riault<\/p>\n<p>\u00ab C\u2019\u00e9tait la premiere fois qu\u2019on enregistrait un d\u00e9mo avant d\u2019entrer en studio. C\u2019est dans notre appartement o\u00f9 nous avons le plus travaill\u00e9. Denis \u2018Piggy\u2019 D\u2019amour et moi avons pass\u00e9 un temps fou et eu bien du plaisir \u00e0 arranger la musique de mani\u00e8re \u00e0 nous surprendre nous-m\u00eames et pousser plus loin notre cr\u00e9ativit\u00e9. Voici la premi\u00e8re mouture de Dimension ! \u00bb \u2013 Blacky<\/p>\n<p>Liste des pi\u00e8ces:<\/p>\n<ul>\n<li>Experiment<\/li>\n<li>Tribal Convictions <\/li>\n<li>Chaosm\u00f6ngers<\/li>\n<li>Technocratic Manipulators <\/li>\n<li>Macrosolution to Megaproblems <\/li>\n<li>Brain Scan <\/li>\n<li>Psychic Vacuum <\/li>\n<li>Cosmic Drama <\/li>\n<li>Envoye<\/li>\n<\/ul>\n","protected":false},"excerpt":{"rendered":"<p>Voivod Pr\u00e9-commandez maintenant! exp\u00e9dition d\u00e9but le 29 avril In\u00e9dit, vinyle de couleur Orange Crush Translucide Enregistr\u00e9, mix\u00e9 et masteris\u00e9 par Jean-Yves Th\u00e9riault \u00ab C\u2019\u00e9tait la premiere fois qu\u2019on enregistrait un d\u00e9mo avant d\u2019entrer en studio. C\u2019est dans notre appartement o\u00f9 nous avons le plus travaill\u00e9. Denis \u2018Piggy\u2019 D\u2019amour et moi avons pass\u00e9 un temps fou [&hellip;]<\/p>\n","protected":false},"featured_media":1771,"template":"","meta":[],"product_cat":[46],"product_tag":[],"class_list":{"0":"post-1786","1":"product","2":"type-product","3":"status-publish","4":"has-post-thumbnail","6":"product_cat-vinyle","7":"product_shipping_class-vinyle","9":"first","10":"instock","11":"taxable","12":"shipping-taxable","13":"purchasable","14":"product-type-simple"},"_links":{"self":[{"href":"https:\/\/www.mineminerecords.com\/store\/wp-json\/wp\/v2\/product\/1786","targetHints":{"allow":["GET"]}}],"collection":[{"href":"https:\/\/www.mineminerecords.com\/store\/wp-json\/wp\/v2\/product"}],"about":[{"href":"https:\/\/www.mineminerecords.com\/store\/wp-json\/wp\/v2\/types\/product"}],"wp:featuredmedia":[{"embeddable":true,"href":"https:\/\/www.mineminerecords.com\/store\/wp-json\/wp\/v2\/media\/1771"}],"wp:attachment":[{"href":"https:\/\/www.mineminerecords.com\/store\/wp-json\/wp\/v2\/media?parent=1786"}],"wp:term":[{"taxonomy":"product_cat","embeddable":true,"href":"https:\/\/www.mineminerecords.com\/store\/wp-json\/wp\/v2\/product_cat?post=1786"},{"taxonomy":"product_tag","embeddable":true,"href":"https:\/\/www.mineminerecords.com\/store\/wp-json\/wp\/v2\/product_tag?post=1786"}],"curies":[{"name":"wp","href":"https:\/\/api.w.org\/{rel}","templated":true}]}}