{"id":1784,"date":"2024-03-28T20:29:41","date_gmt":"2024-03-29T00:46:11","guid":{"rendered":"https:\/\/www.mineminerecords.com\/store\/?post_type=product&#038;p=1784"},"modified":"2025-01-11T22:01:06","modified_gmt":"2025-01-12T03:01:06","slug":"specimen-demo-de-the-outer-limits","status":"publish","type":"product","link":"https:\/\/www.mineminerecords.com\/store\/product\/specimen-demo-de-the-outer-limits\/?lang=fr","title":{"rendered":"Specimen \u2013 D\u00e9mo de The Outer Limits &#8211; LP"},"content":{"rendered":"<p>Voivod<\/p>\n<p>In\u00e9dit \u2013 vinyles de couleur Citron Translucide<\/p>\n<p>Enregistr\u00e9 et mix\u00e9 par Denis D\u2019amour; masteris\u00e9 par Jean-Yves Th\u00e9riault<\/p>\n<p>Minemine est fier de vous faire d\u00e9couvrir cette nouvelle pi\u00e8ce de collection. Ce d\u00e9mo de The Outer Limits a \u00e9t\u00e9 enregistr\u00e9 par Denis \u2018Piggy\u2019 D\u2019amour \u00e0 l\u2019\u00e9t\u00e9 1992 dans le local de pratique de Voivod et aussi partie du Studio Victor (Montr\u00e9al). \u00c0 l\u2019\u00e9poque, D\u2019amour n\u2019avait pas encore compos\u00e9 l\u2019opus \u00ab Jack Luminous \u00bb; elle n\u2019appara\u00eet donc pas sur cet album form\u00e9 de 12 pi\u00e8ces dont 5 in\u00e9dites.<\/p>\n<p>Liste des pi\u00e8ces:<\/p>\n<ul>\n<li>Time Warp<\/li>\n<li>Wrong Way Street<\/li>\n<li>Fix My Heart<\/li>\n<li>Le Pont Noir<\/li>\n<li>Moonbeam Rider<\/li>\n<li>Gotta Get Out<\/li>\n<li>We Are Not Alone<\/li>\n<li>Falling Down<\/li>\n<li>The Lost Machine<\/li>\n<li>Ride<\/li>\n<li>On The Run<\/li>\n<li>Inside My Head<\/li>\n<\/ul>\n","protected":false},"excerpt":{"rendered":"<p>Voivod In\u00e9dit \u2013 vinyles de couleur Citron Translucide Enregistr\u00e9 et mix\u00e9 par Denis D\u2019amour; masteris\u00e9 par Jean-Yves Th\u00e9riault Minemine est fier de vous faire d\u00e9couvrir cette nouvelle pi\u00e8ce de collection. Ce d\u00e9mo de The Outer Limits a \u00e9t\u00e9 enregistr\u00e9 par Denis \u2018Piggy\u2019 D\u2019amour \u00e0 l\u2019\u00e9t\u00e9 1992 dans le local de pratique de Voivod et aussi [&hellip;]<\/p>\n","protected":false},"featured_media":1781,"template":"","meta":[],"product_cat":[46],"product_tag":[],"class_list":{"0":"post-1784","1":"product","2":"type-product","3":"status-publish","4":"has-post-thumbnail","6":"product_cat-vinyle","7":"product_shipping_class-vinyle","9":"first","10":"instock","11":"taxable","12":"shipping-taxable","13":"purchasable","14":"product-type-simple"},"_links":{"self":[{"href":"https:\/\/www.mineminerecords.com\/store\/wp-json\/wp\/v2\/product\/1784","targetHints":{"allow":["GET"]}}],"collection":[{"href":"https:\/\/www.mineminerecords.com\/store\/wp-json\/wp\/v2\/product"}],"about":[{"href":"https:\/\/www.mineminerecords.com\/store\/wp-json\/wp\/v2\/types\/product"}],"wp:featuredmedia":[{"embeddable":true,"href":"https:\/\/www.mineminerecords.com\/store\/wp-json\/wp\/v2\/media\/1781"}],"wp:attachment":[{"href":"https:\/\/www.mineminerecords.com\/store\/wp-json\/wp\/v2\/media?parent=1784"}],"wp:term":[{"taxonomy":"product_cat","embeddable":true,"href":"https:\/\/www.mineminerecords.com\/store\/wp-json\/wp\/v2\/product_cat?post=1784"},{"taxonomy":"product_tag","embeddable":true,"href":"https:\/\/www.mineminerecords.com\/store\/wp-json\/wp\/v2\/product_tag?post=1784"}],"curies":[{"name":"wp","href":"https:\/\/api.w.org\/{rel}","templated":true}]}}