{"id":1525,"date":"2023-09-06T13:24:05","date_gmt":"2023-09-06T17:26:32","guid":{"rendered":"https:\/\/www.mineminerecords.com\/store\/?post_type=product&#038;p=1525"},"modified":"2025-01-11T22:02:21","modified_gmt":"2025-01-12T03:02:21","slug":"commotion-rrroooaaarrr-rough-mix-demo","status":"publish","type":"product","link":"https:\/\/www.mineminerecords.com\/store\/product\/commotion-rrroooaaarrr-rough-mix-demo\/?lang=fr","title":{"rendered":"Commotion \u2013 Rrr\u00f6\u00f6\u00f6aaarrr Rough Mix Demo &#8211; LP"},"content":{"rendered":"<p>Voivod<\/p>\n<p>In\u00e9dit, vinyle de couleur Rouge Rubis<br \/>\nProduit par Mike Amstadt, Jean-Yves Th\u00e9riault et Denis D&#8217;Amour<br \/>\nMasteris\u00e9 par Jean-Yves Th\u00e9riault, 2023<\/p>\n<p>Ce d\u00e9mo de Rrr\u00f6\u00f6\u00f6aaarrr, thrash \u00e0 souhait, capte toute l\u2019\u00e9nergie brute des premi\u00e8res ann\u00e9es du groupe \u00e0 la mi-1980. \u00ab Rapidement on se retrouvait avec pas mal d&#8217;id\u00e9es p\u00eale-m\u00eale et il fallait d\u00e9cider quoi en faire. Denis D\u2019amour \u00e9tait un habile arrangeur et moi, un bon observateur. J&#8217;apprenais rapidement \u00e0 devenir cr\u00e9atif et \u00e0 assembler nos id\u00e9es pour les mettre bout \u00e0 bout de mani\u00e8re originale. Nous avions une excellente chimie. Nous \u00e9tions complices \u00e0 la cr\u00e9ation. Denis B\u00e9langer avait une facilit\u00e9 \u00e0 dire les choses, \u00e0 trouver de bonnes tournures. N\u2019\u00e9tant plus li\u00e9s \u00e0 Metal Blade, nous \u00e9tions maintenant libres comme l\u2019air. On avait le vent dans les voiles et \u00e7a allait super vite ! Ce d\u00e9mo nous am\u00e8nera ultimement vers de nouvelles aventures : l\u2019Europe avec Noise. \u2013 Jean-Yves Th\u00e9riault \u00bb<\/p>\n<p>Liste des pi\u00e8ces:<\/p>\n<ul>\n<li>Korg\u00fcll the Exterminator<\/li>\n<li>Ripping Headaches<\/li>\n<li>Build Your Weapons<\/li>\n<li>To the Death!<\/li>\n<li>Fuck Off &#038; Die<\/li>\n<li>Thrashing Rage<\/li>\n<li>Helldriver<\/li>\n<li>Slaughter in a Grave<\/li>\n<li>Horror<\/li>\n<li>Korg\u00fcll the Exterminator Live<\/li>\n<\/ul>\n","protected":false},"excerpt":{"rendered":"<p>Voivod In\u00e9dit, vinyle de couleur Rouge Rubis Produit par Mike Amstadt, Jean-Yves Th\u00e9riault et Denis D&#8217;Amour Masteris\u00e9 par Jean-Yves Th\u00e9riault, 2023 Ce d\u00e9mo de Rrr\u00f6\u00f6\u00f6aaarrr, thrash \u00e0 souhait, capte toute l\u2019\u00e9nergie brute des premi\u00e8res ann\u00e9es du groupe \u00e0 la mi-1980. \u00ab Rapidement on se retrouvait avec pas mal d&#8217;id\u00e9es p\u00eale-m\u00eale et il fallait d\u00e9cider quoi [&hellip;]<\/p>\n","protected":false},"featured_media":1503,"template":"","meta":[],"product_cat":[46],"product_tag":[],"class_list":{"0":"post-1525","1":"product","2":"type-product","3":"status-publish","4":"has-post-thumbnail","6":"product_cat-vinyle","7":"product_shipping_class-vinyle","9":"first","10":"instock","11":"taxable","12":"shipping-taxable","13":"purchasable","14":"product-type-simple"},"_links":{"self":[{"href":"https:\/\/www.mineminerecords.com\/store\/wp-json\/wp\/v2\/product\/1525","targetHints":{"allow":["GET"]}}],"collection":[{"href":"https:\/\/www.mineminerecords.com\/store\/wp-json\/wp\/v2\/product"}],"about":[{"href":"https:\/\/www.mineminerecords.com\/store\/wp-json\/wp\/v2\/types\/product"}],"wp:featuredmedia":[{"embeddable":true,"href":"https:\/\/www.mineminerecords.com\/store\/wp-json\/wp\/v2\/media\/1503"}],"wp:attachment":[{"href":"https:\/\/www.mineminerecords.com\/store\/wp-json\/wp\/v2\/media?parent=1525"}],"wp:term":[{"taxonomy":"product_cat","embeddable":true,"href":"https:\/\/www.mineminerecords.com\/store\/wp-json\/wp\/v2\/product_cat?post=1525"},{"taxonomy":"product_tag","embeddable":true,"href":"https:\/\/www.mineminerecords.com\/store\/wp-json\/wp\/v2\/product_tag?post=1525"}],"curies":[{"name":"wp","href":"https:\/\/api.w.org\/{rel}","templated":true}]}}