{"id":1499,"date":"2023-09-06T13:24:05","date_gmt":"2023-09-06T17:24:05","guid":{"rendered":"https:\/\/www.mineminerecords.com\/store\/?post_type=product&#038;p=1499"},"modified":"2025-01-11T22:02:11","modified_gmt":"2025-01-12T03:02:11","slug":"commotion-rrroooaaarrr-rough-mix-demo","status":"publish","type":"product","link":"https:\/\/www.mineminerecords.com\/store\/product\/commotion-rrroooaaarrr-rough-mix-demo\/","title":{"rendered":"Commotion \u2013 Rrr\u00f6\u00f6\u00f6aaarrr Rough Mix Demo &#8211; LP"},"content":{"rendered":"<p>Voivod<\/p>\n<p>First pressing, Ruby Red colored vinyl LP record<br \/>\nProduce by Mike Amstadt, Jean-Yves Th\u00e9riault &#038; Denis D&#8217;Amour<br \/>\nMastering by Jean-Yves Th\u00e9riault, 2023<\/p>\n<p>Definitely thrash, this Rrr\u00f6\u00f6\u00f6aaarrr demo encapsulates the pure energy of the early band of the mid-1980s. \u201cWe now had plenty of new ideas to play with. We had to organize them into something coherent. Denis D\u2019amour was a savvy arranger and I was a good observer so I quickly learned how to arrange our scattered musical parts in a creative way. We had great chemistry as Denis and I were accomplices in this creative process. Denis B\u00e9langer had a talent to write powerful lyrics. At that time, we were freed from our Metal Blade contract so we felt we could sail our boat as we pleased. Everything went very fast! This demo opened up a new chapter : going to Europe and signing with Noise.\u201d \u2013 Jean-Yves Th\u00e9riault<\/p>\n<p>song listing :<\/p>\n<ul>\n<li>Korg\u00fcll the Exterminator<\/li>\n<li>Ripping Headaches<\/li>\n<li>Build Your Weapons<\/li>\n<li>To the Death!<\/li>\n<li>Fuck Off &#038; Die<\/li>\n<li>Thrashing Rage<\/li>\n<li>Helldriver<\/li>\n<li>Slaughter in a Grave<\/li>\n<li>Horror<\/li>\n<li>Korg\u00fcll the Exterminator Live<\/li>\n<\/ul>\n","protected":false},"excerpt":{"rendered":"<p>Voivod First pressing, Ruby Red colored vinyl LP record Produce by Mike Amstadt, Jean-Yves Th\u00e9riault &#038; Denis D&#8217;Amour Mastering by Jean-Yves Th\u00e9riault, 2023 Definitely thrash, this Rrr\u00f6\u00f6\u00f6aaarrr demo encapsulates the pure energy of the early band of the mid-1980s. \u201cWe now had plenty of new ideas to play with. We had to organize them into [&hellip;]<\/p>\n","protected":false},"featured_media":1502,"template":"","meta":[],"product_cat":[15],"product_tag":[],"class_list":{"0":"post-1499","1":"product","2":"type-product","3":"status-publish","4":"has-post-thumbnail","6":"product_cat-vinyl","7":"product_shipping_class-vinyl-2","9":"first","10":"instock","11":"taxable","12":"shipping-taxable","13":"purchasable","14":"product-type-simple"},"_links":{"self":[{"href":"https:\/\/www.mineminerecords.com\/store\/wp-json\/wp\/v2\/product\/1499","targetHints":{"allow":["GET"]}}],"collection":[{"href":"https:\/\/www.mineminerecords.com\/store\/wp-json\/wp\/v2\/product"}],"about":[{"href":"https:\/\/www.mineminerecords.com\/store\/wp-json\/wp\/v2\/types\/product"}],"wp:featuredmedia":[{"embeddable":true,"href":"https:\/\/www.mineminerecords.com\/store\/wp-json\/wp\/v2\/media\/1502"}],"wp:attachment":[{"href":"https:\/\/www.mineminerecords.com\/store\/wp-json\/wp\/v2\/media?parent=1499"}],"wp:term":[{"taxonomy":"product_cat","embeddable":true,"href":"https:\/\/www.mineminerecords.com\/store\/wp-json\/wp\/v2\/product_cat?post=1499"},{"taxonomy":"product_tag","embeddable":true,"href":"https:\/\/www.mineminerecords.com\/store\/wp-json\/wp\/v2\/product_tag?post=1499"}],"curies":[{"name":"wp","href":"https:\/\/api.w.org\/{rel}","templated":true}]}}