{"id":1031,"date":"2023-03-07T13:54:33","date_gmt":"2023-03-13T22:05:34","guid":{"rendered":"https:\/\/www.mineminerecords.com\/store\/?post_type=product&#038;p=1031"},"modified":"2025-01-11T22:02:54","modified_gmt":"2025-01-12T03:02:54","slug":"periscope-nothingface-this","status":"publish","type":"product","link":"https:\/\/www.mineminerecords.com\/store\/product\/periscope-nothingface-this\/?lang=fr","title":{"rendered":"Periscope \u2013 NothingFace This &#8211; LP"},"content":{"rendered":"<p>Voivod<\/p>\n<p>In\u00e9dit, Vinyle de couleur violet<\/p>\n<p>Enregistr\u00e9, mix\u00e9 et masteris\u00e9 par Jean-Yves Th\u00e9riault<\/p>\n<p>Les Voivod au sommet de leur forme ! Periscope plonge t\u00eate premi\u00e8re dans l\u2019esprit de la pr\u00e9production de l\u2019album Nothingface paru en 1989. Le rythme est plus rapide, haletant, le son est plus lourd et grin\u00e7ant, l\u2019efficacit\u00e9 et la complexit\u00e9 des m\u00e9lodies jouxt\u00e9e \u00e0 la puissance de la voix de Denis B\u00e9langer, ses jeux de personnages et ses paroles originales in\u00e9dites font de Periscope une pi\u00e8ce d\u2019anthologie. C\u2019est cru, c\u2019est vivant, c\u2019est rafra\u00eechissant ! Nothingface this !<\/p>\n<p>Liste des pi\u00e8ces:<\/p>\n<ul>\n<li>The Unknown Knows<\/li>\n<li>Sub-Effect<\/li>\n<li>Nothingface<\/li>\n<li>Pre-Ignition<\/li>\n<li>Into My Hypercude<\/li>\n<li>X-Ray Mirror<\/li>\n<li>Inner Combustion<\/li>\n<li>Missing Sequences<\/li>\n<\/ul>\n","protected":false},"excerpt":{"rendered":"<p>Voivod In\u00e9dit, Vinyle de couleur violet Enregistr\u00e9, mix\u00e9 et masteris\u00e9 par Jean-Yves Th\u00e9riault Les Voivod au sommet de leur forme ! Periscope plonge t\u00eate premi\u00e8re dans l\u2019esprit de la pr\u00e9production de l\u2019album Nothingface paru en 1989. Le rythme est plus rapide, haletant, le son est plus lourd et grin\u00e7ant, l\u2019efficacit\u00e9 et la complexit\u00e9 des m\u00e9lodies [&hellip;]<\/p>\n","protected":false},"featured_media":1033,"template":"","meta":[],"product_cat":[46],"product_tag":[],"class_list":{"0":"post-1031","1":"product","2":"type-product","3":"status-publish","4":"has-post-thumbnail","6":"product_cat-vinyle","7":"product_shipping_class-vinyle","9":"first","10":"instock","11":"taxable","12":"shipping-taxable","13":"purchasable","14":"product-type-simple"},"_links":{"self":[{"href":"https:\/\/www.mineminerecords.com\/store\/wp-json\/wp\/v2\/product\/1031","targetHints":{"allow":["GET"]}}],"collection":[{"href":"https:\/\/www.mineminerecords.com\/store\/wp-json\/wp\/v2\/product"}],"about":[{"href":"https:\/\/www.mineminerecords.com\/store\/wp-json\/wp\/v2\/types\/product"}],"wp:featuredmedia":[{"embeddable":true,"href":"https:\/\/www.mineminerecords.com\/store\/wp-json\/wp\/v2\/media\/1033"}],"wp:attachment":[{"href":"https:\/\/www.mineminerecords.com\/store\/wp-json\/wp\/v2\/media?parent=1031"}],"wp:term":[{"taxonomy":"product_cat","embeddable":true,"href":"https:\/\/www.mineminerecords.com\/store\/wp-json\/wp\/v2\/product_cat?post=1031"},{"taxonomy":"product_tag","embeddable":true,"href":"https:\/\/www.mineminerecords.com\/store\/wp-json\/wp\/v2\/product_tag?post=1031"}],"curies":[{"name":"wp","href":"https:\/\/api.w.org\/{rel}","templated":true}]}}